{"id":72853,"date":"2019-07-22T12:35:19","date_gmt":"2019-07-22T10:35:19","guid":{"rendered":"https:\/\/www.blanescostabrava.cat\/%d1%81%d0%be%d1%81%d0%b5%d0%b4%d0%b8-%d0%ba%d0%be%d1%82%d0%be%d1%80%d1%8b%d0%b5-%d0%bd%d0%b0%d1%81-%d0%b4%d0%be%d0%bf%d0%be%d0%bb%d0%bd%d1%8f%d1%8e%d1%82\/"},"modified":"2022-08-29T12:13:21","modified_gmt":"2022-08-29T10:13:21","slug":"%d1%81%d0%be%d1%81%d0%b5%d0%b4%d0%b8-%d0%ba%d0%be%d1%82%d0%be%d1%80%d1%8b%d0%b5-%d0%bd%d0%b0%d1%81-%d0%b4%d0%be%d0%bf%d0%be%d0%bb%d0%bd%d1%8f%d1%8e%d1%82","status":"publish","type":"page","link":"https:\/\/www.blanescostabrava.cat\/ru\/%d1%81%d0%be%d1%81%d0%b5%d0%b4%d0%b8-%d0%ba%d0%be%d1%82%d0%be%d1%80%d1%8b%d0%b5-%d0%bd%d0%b0%d1%81-%d0%b4%d0%be%d0%bf%d0%be%d0%bb%d0%bd%d1%8f%d1%8e%d1%82\/","title":{"rendered":"\u0421\u043e\u0441\u0435\u0434\u0438, \u043a\u043e\u0442\u043e\u0440\u044b\u0435 \u043d\u0430\u0441 \u0434\u043e\u043f\u043e\u043b\u043d\u044f\u044e\u0442"},"content":{"rendered":"<div class=\"wpb-content-wrapper\"><p>[vc_row full_width=&#187;stretch_row&#187; css=&#187;.vc_custom_1521395780280{background-image: url(https:\/\/www.blanescostabrava.cat\/wp-content\/uploads\/2018\/03\/complementarias.jpg?id=31949) !important;}&#187; el_class=&#187;cabecera-pagina-interna&#187;][vc_column][vc_column_text]<\/p>\n<h1><strong>\u0421\u043e\u0441\u0435\u0434\u0438, \u043a\u043e\u0442\u043e\u0440\u044b\u0435 \u043d\u0430\u0441 \u0434\u043e\u043f\u043e\u043b\u043d\u044f\u044e\u0442<\/strong><\/h1>\n<p>[\/vc_column_text][\/vc_column][\/vc_row][vc_row el_class=&#187;cabecera-escapadas&#187;][vc_column][vc_column_text el_class=&#187;parrafo-22-trade&#187;]<strong>\u0412 \u043d\u0435\u0441\u043a\u043e\u043b\u044c\u043a\u0438\u0445 \u043a\u0438\u043b\u043e\u043c\u0435\u0442\u0440\u0430\u0445 \u043e\u0442 \u0411\u043b\u0430\u043d\u0435\u0441\u0430<\/strong> \u0440\u0430\u0441\u043f\u043e\u043b\u043e\u0436\u0435\u043d\u044b \u0438\u043d\u044b\u0435 \u0434\u043e\u0441\u0442\u043e\u043f\u0440\u0438\u043c\u0435\u0447\u0430\u0442\u0435\u043b\u044c\u043d\u043e\u0441\u0442\u0438, \u0441 \u043a\u043e\u0442\u043e\u0440\u044b\u043c\u0438 \u0432\u044b \u043c\u043e\u0436\u0435\u0442\u0435 \u043f\u043e\u0437\u043d\u0430\u043a\u043e\u043c\u0438\u0442\u044c\u0441\u044f, \u0432\u043e\u0441\u043f\u043e\u043b\u044c\u0437\u043e\u0432\u0430\u0432\u0448\u0438\u0441\u044c \u0441\u043b\u0443\u0447\u0430\u0435\u043c. \u041a\u0430\u0442\u0430\u043b\u043e\u043d\u0438\u044f \u2013 \u044d\u0442\u043e \u0444\u0430\u043d\u0442\u0430\u0441\u0442\u0438\u0447\u0435\u0441\u043a\u0438\u0439 \u043a\u0440\u0430\u0439, \u043f\u043e\u043b\u043d\u044b\u0439 \u0438\u043d\u0442\u0435\u0440\u0435\u0441\u043d\u044b\u0445 \u0438 \u0436\u0438\u0432\u043e\u043f\u0438\u0441\u043d\u044b\u0445 \u0443\u0433\u043e\u043b\u043a\u043e\u0432. \u0414\u043e \u0432\u0441\u0435\u0445 \u043d\u0438\u0445 \u043c\u043e\u0436\u043d\u043e \u043b\u0435\u0433\u043a\u043e \u0438 \u0441 \u043a\u043e\u043c\u0444\u043e\u0440\u0442\u043e\u043c \u0434\u043e\u0431\u0440\u0430\u0442\u044c\u0441\u044f \u0438\u0437 \u0411\u043b\u0430\u043d\u0435\u0441\u0430 \u043f\u043e \u0448\u043e\u0441\u0441\u0435 \u0438\u043b\u0438 \u0436\u0435\u043b\u0435\u0437\u043d\u043e\u0439 \u0434\u043e\u0440\u043e\u0433\u0435. \u042d\u0442\u0438 \u043c\u0435\u0441\u0442\u0430 \u0434\u043e\u0441\u0442\u043e\u0439\u043d\u044b \u0442\u043e\u0433\u043e, \u0447\u0442\u043e\u0431\u044b \u0434\u043e\u043f\u043e\u043b\u043d\u0438\u0442\u044c \u0432\u0430\u0448\u0435 \u043f\u0440\u0435\u0431\u044b\u0432\u0430\u043d\u0438\u0435 \u0443 \u043d\u0430\u0441.[\/vc_column_text][\/vc_column][\/vc_row][vc_row full_width=&#187;stretch_row_content_no_spaces&#187; el_class=&#187;seccion-escapada&#187;][vc_column][vc_row_inner][vc_column_inner width=&#187;1\/3&#8243;]<div class=\"it_escapada\"><img alt=\"Lloret-de-Mar\" src=\"https:\/\/www.blanescostabrava.cat\/wp-content\/uploads\/2018\/03\/Lloret-de-Mar.jpeg\"><div class=\"linea-azul\"><\/div><div class=\"texto\"><h3><a href=\"#\">Lloret de Mar<\/a><\/h3><p>Municipi ve\u00ed de Blanes, amb grans platges i una variada proposta cultural. Ofereix gran ventall d\u2019activitats d\u2019oci.<\/p><\/div><\/div>[\/vc_column_inner][vc_column_inner width=&#187;1\/3&#8243;]<div class=\"it_escapada\"><img alt=\"Tossa de Mar\" src=\"https:\/\/www.blanescostabrava.cat\/wp-content\/uploads\/2018\/03\/Tossa-de-Mar.jpeg\"><div class=\"linea-azul\"><\/div><div class=\"texto\"><h3><a href=\"#\">Tossa de Mar<\/a><\/h3><p>Antiga poblaci\u00f3 de pescadors amb un gran bagatge hist\u00f2ric. Hi destaca la Vila Vella, l'\u00fanic exemple de poblaci\u00f3 medieval fortificada que encara existeix a la costa catalana<\/p><\/div><\/div>[\/vc_column_inner][vc_column_inner width=&#187;1\/3&#8243;]<div class=\"it_escapada\"><img alt=\"Girona 1\" src=\"https:\/\/www.blanescostabrava.cat\/wp-content\/uploads\/2018\/03\/Girona-1.jpeg\"><div class=\"linea-azul\"><\/div><div class=\"texto\"><h3><a href=\"#\">Girona<\/a><\/h3><p>Capital de la prov\u00edncia, amb un casc hist\u00f2ric considerat un dels m\u00e9s evocadors d\u2019Europa, amb un gran llegat jueu. S\u2019hi pot fer un cam\u00ed de ronda per les antigues muralles i no us perdeu la catedral i les acolorides Cases de l\u2019Onyar.<\/p><\/div><\/div>[\/vc_column_inner][\/vc_row_inner][vc_row_inner][vc_column_inner width=&#187;1\/3&#8243;]<div class=\"it_escapada\"><img alt=\"Barcelona\" src=\"https:\/\/www.blanescostabrava.cat\/wp-content\/uploads\/2018\/03\/Barcelona.jpeg\"><div class=\"linea-azul\"><\/div><div class=\"texto\"><h3><a href=\"#\">Barcelona<\/a><\/h3><p>Capital de Catalunya, amb una llarga i rica hist\u00f2ria arquitect\u00f2nica. \u00c9s una de les destinacions mundials m\u00e9s apreciades pel modernisme amb edificis i espais p\u00fablics tan singulars com La Sagrada Fam\u00edlia, el Park G\u00fcell, la Casa Mil\u00e0, la Pedrera o la Casa Batll\u00f3.<\/p><\/div><\/div>[\/vc_column_inner][vc_column_inner width=&#187;1\/3&#8243;]<div class=\"it_escapada\"><img alt=\"IMGP2857\" src=\"https:\/\/www.blanescostabrava.cat\/wp-content\/uploads\/2018\/04\/IMGP2857.jpg\"><div class=\"linea-azul\"><\/div><div class=\"texto\"><h3><a href=\"#\">Tordera<\/a><\/h3><p>Reserveu-vos un diumenge al mat\u00ed per visitar el mercat d\u2019aquest poble ve\u00ed de Blanes, un dels seus principals atractius, a m\u00e9s de la popular Fira i Mercat del Ram.<\/p><\/div><\/div>[\/vc_column_inner][vc_column_inner width=&#187;1\/3&#8243;]<div class=\"it_escapada\"><img alt=\"Estany de Sils\" src=\"https:\/\/www.blanescostabrava.cat\/wp-content\/uploads\/2018\/03\/Estany-de-Sils.jpeg\"><div class=\"linea-azul\"><\/div><div class=\"texto\"><h3><a href=\"#\">Estany de Sils<\/a><\/h3><p>Visiteu amb tranquil\u00b7litat aquest espai natural protegit, una \u00e0rea humida de gran inter\u00e8s paisatg\u00edstic i molt singular dins dels ambients mediterranis. Hi ha una gran varietat de fauna i flora espec\u00edfica d\u2019aquest h\u00e0bitat.<\/p><\/div><\/div>[\/vc_column_inner][\/vc_row_inner][vc_row_inner][vc_column_inner width=&#187;1\/3&#8243;]<div class=\"it_escapada\"><img alt=\"Montseny\" src=\"https:\/\/www.blanescostabrava.cat\/wp-content\/uploads\/2018\/03\/Montseny.jpeg\"><div class=\"linea-azul\"><\/div><div class=\"texto\"><h3><a href=\"#\">Montseny<\/a><\/h3><p>El Parc Natural del Montseny, declarat Reserva Natural de la Biosfera, us permetr\u00e0 gaudir d\u2019una natura i uns paisatges forestals extraordinaris.<\/p><\/div><\/div>[\/vc_column_inner][vc_column_inner width=&#187;1\/3&#8243;]<div class=\"it_escapada\"><img alt=\"La Selva _Amer\" src=\"https:\/\/www.blanescostabrava.cat\/wp-content\/uploads\/2018\/03\/La-Selva-_Amer.jpeg\"><div class=\"linea-azul\"><\/div><div class=\"texto\"><h3><a href=\"#\">La Selva<\/a><\/h3><p>La nostra comarca, amb molts contrastos paisatg\u00edstics. S\u2019est\u00e9n des de la Costa Brava fins a les abruptes Guilleries, amb una gran plana interior i molta varietat al seu entorn natural.<\/p><\/div><\/div>[\/vc_column_inner][vc_column_inner width=&#187;1\/3&#8243;]<div class=\"it_escapada\"><img alt=\"Empord\u00e0\" src=\"https:\/\/www.blanescostabrava.cat\/wp-content\/uploads\/2018\/03\/Empord\u00e0.jpeg\"><div class=\"linea-azul\"><\/div><div class=\"texto\"><h3><a href=\"#\">Empord\u00e0<\/a><\/h3><p>Terra de tramuntana, de vinyes i grans artistes. Us hi espera un paisatge singular, de llarga l\u00ednea de costa i una plana inacabable, amb pinzellades inesborrables i mundialment reconegudes com les del surrealisme de Salvador Dal\u00ed.<\/p><\/div><\/div>[\/vc_column_inner][\/vc_row_inner][vc_row_inner][vc_column_inner width=&#187;1\/3&#8243;]<div class=\"it_escapada\"><img alt=\"Garrtoxa\" src=\"https:\/\/www.blanescostabrava.cat\/wp-content\/uploads\/2018\/03\/Garrtoxa.jpeg\"><div class=\"linea-azul\"><\/div><div class=\"texto\"><h3><a href=\"#\">Garrotxa<\/a><\/h3><p>Zona pre pirinenca, de relleus molt muntanyosos i amb paratges extraordinaris com La Fageda d\u2019en Jord\u00e0, en una extensa zona volc\u00e0nica de gran inter\u00e8s geol\u00f2gic i natural.<\/p><\/div><\/div>[\/vc_column_inner][vc_column_inner width=&#187;1\/3&#8243;]<div class=\"it_escapada\"><img alt=\"Hostalric2\" src=\"https:\/\/www.blanescostabrava.cat\/wp-content\/uploads\/2018\/03\/Hostalric2.jpeg\"><div class=\"linea-azul\"><\/div><div class=\"texto\"><h3><a href=\"#\">Hostalric<\/a><\/h3><p>Declarat B\u00e9 d\u2019Inter\u00e8s Nacional, t\u00e9 un important llegat medieval i permet descobrir el patrimoni gastron\u00f2mic catal\u00e0 al centre Domus Sent Sov\u00ed.<\/p><\/div><\/div>[\/vc_column_inner][vc_column_inner width=&#187;1\/3&#8243;]<div class=\"it_escapada\"><img alt=\"Montsoriu-3\" src=\"https:\/\/www.blanescostabrava.cat\/wp-content\/uploads\/2018\/03\/Montsoriu-3.jpeg\"><div class=\"linea-azul\"><\/div><div class=\"texto\"><h3><a href=\"#\">Montsoriu<\/a><\/h3><p>\u00c9s el castell g\u00f2tic catal\u00e0 m\u00e9s notable des del punt de vista hist\u00f2ric, arquitect\u00f2nic i arqueol\u00f2gic. Es pot visitar durant tot l\u2019any.<\/p><\/div><\/div>[\/vc_column_inner][\/vc_row_inner][vc_row_inner][vc_column_inner width=&#187;1\/3&#8243;]<div class=\"it_escapada\"><img alt=\"Caldes8\" src=\"https:\/\/www.blanescostabrava.cat\/wp-content\/uploads\/2018\/03\/Caldes8.jpeg\"><div class=\"linea-azul\"><\/div><div class=\"texto\"><h3><a href=\"#\">Caldes de Malavella<\/a><\/h3><p>La Selva \u00e9s terra d\u2019aig\u00fces termals i a Caldes de Malavella ho trobareu tot sobre el termalisme: balenaris, termes romanes, fonts calentes, etc.<\/p><\/div><\/div>[\/vc_column_inner][vc_column_inner width=&#187;1\/3&#8243;]<div class=\"it_escapada\"><img alt=\"Breda\" src=\"https:\/\/www.blanescostabrava.cat\/wp-content\/uploads\/2018\/03\/Breda.jpeg\"><div class=\"linea-azul\"><\/div><div class=\"texto\"><h3><a href=\"#\">Breda<\/a><\/h3><p>Us recomanem passejar pels carrers d\u2019aquesta vila ceramista, amb el monestir de Sant Salvador com a protagonista, i captar la hist\u00f2ria de la terrissa i la cer\u00e0mica.<\/p><\/div><\/div>[\/vc_column_inner][vc_column_inner width=&#187;1\/3&#8243;]<div class=\"it_escapada\"><img alt=\"banyoles\" src=\"https:\/\/www.blanescostabrava.cat\/wp-content\/uploads\/2022\/08\/banyoles.jpg\"><div class=\"linea-azul\"><\/div><div class=\"texto\"><h3><a href=\"#\">Banyoles<\/a><\/h3><p>\u0411\u0430\u043d\u044c\u043e\u043b\u0435\u0441 \u044d\u0442\u043e \u0441\u0440\u0435\u0434\u043d\u0435\u0432\u0435\u043a\u043e\u0432\u044b\u0439 \u0433\u043e\u0440\u043e\u0434, \u043a\u043e\u0442\u043e\u0440\u044b\u0439 \u0432\u0440\u0430\u0449\u0430\u0435\u0442\u0441\u044f \u0432\u043e\u043a\u0440\u0443\u0433 \u0441\u0432\u043e\u0435\u0433\u043e \u0441\u0438\u043c\u0432\u043e\u043b\u0438\u0447\u0435\u0441\u043a\u043e\u0433\u043e \u043e\u0437\u0435\u0440\u0430, \u043e\u0434\u043d\u0430\u043a\u043e \u043e\u043d \u0442\u0430\u043a \u0436\u0435 \u043f\u043e\u043b\u043e\u043d \u0438\u0441\u0442\u043e\u0440\u0438\u0447\u0435\u0441\u043a\u0438\u0445 \u0437\u0434\u0430\u043d\u0438\u0439, \u043a\u043e\u0442\u043e\u0440\u044b\u0435 \u0432\u043c\u0435\u0441\u0442\u0435 \u0444\u043e\u0440\u043c\u0438\u0440\u0443\u044e\u0442 \u044d\u0442\u043e\u0442 \u0443\u043d\u0438\u043a\u0430\u043b\u044c\u043d\u044b\u0439 \u043c\u0443\u043d\u0438\u0446\u0438\u043f\u0430\u043b\u0438\u0442\u0435\u0442 \u041a\u0430\u0442\u0430\u043b\u043e\u043d\u0438\u0438.<\/p><\/div><\/div>[\/vc_column_inner][\/vc_row_inner][\/vc_column][\/vc_row]<\/p>\n<\/div>","protected":false},"excerpt":{"rendered":"<p>[vc_row full_width=&#187;stretch_row&#187; css=&#187;.vc_custom_1521395780280{background-image: url(https:\/\/www.blanescostabrava.cat\/wp-content\/uploads\/2018\/03\/complementarias.jpg?id=31949) !important;}&#187; el_class=&#187;cabecera-pagina-interna&#187;][vc_column][vc_column_text] \u0421\u043e\u0441\u0435\u0434\u0438, \u043a\u043e\u0442\u043e\u0440\u044b\u0435 \u043d\u0430\u0441 \u0434\u043e\u043f\u043e\u043b\u043d\u044f\u044e\u0442 [\/vc_column_text][\/vc_column][\/vc_row][vc_row el_class=&#187;cabecera-escapadas&#187;][vc_column][vc_column_text el_class=&#187;parrafo-22-trade&#187;]\u0412 \u043d\u0435\u0441\u043a\u043e\u043b\u044c\u043a\u0438\u0445 \u043a\u0438\u043b\u043e\u043c\u0435\u0442\u0440\u0430\u0445 \u043e\u0442 \u0411\u043b\u0430\u043d\u0435\u0441\u0430 \u0440\u0430\u0441\u043f\u043e\u043b\u043e\u0436\u0435\u043d\u044b \u0438\u043d\u044b\u0435 \u0434\u043e\u0441\u0442\u043e\u043f\u0440\u0438\u043c\u0435\u0447\u0430\u0442\u0435\u043b\u044c\u043d\u043e\u0441\u0442\u0438,&#8230;<\/p>\n","protected":false},"author":1,"featured_media":0,"parent":0,"menu_order":0,"comment_status":"closed","ping_status":"closed","template":"","meta":{"footnotes":""},"class_list":["post-72853","page","type-page","status-publish"],"rankMath":{"parentDomain":"blanescostabrava.cat","noFollowDomains":[],"noFollowExcludeDomains":[],"noFollowExternalLinks":false,"featuredImageNotice":"\u041f\u043e\u043a\u0430\u0437\u0430\u043d\u043d\u043e\u0435 \u0438\u0437\u043e\u0431\u0440\u0430\u0436\u0435\u043d\u0438\u0435 \u0434\u043e\u043b\u0436\u043d\u043e \u0431\u044b\u0442\u044c \u0440\u0430\u0437\u043c\u0435\u0440\u043e\u043c \u043d\u0435 \u043c\u0435\u043d\u0435\u0435 200 \u043d\u0430 200 \u043f\u0438\u043a\u0441\u0435\u043b\u0435\u0439, \u0447\u0442\u043e\u0431\u044b \u0435\u0433\u043e \u043c\u043e\u0433\u043b\u0438 \u0443\u0432\u0438\u0434\u0435\u0442\u044c Facebook \u0438 \u0434\u0440\u0443\u0433\u0438\u0435 \u0441\u0430\u0439\u0442\u044b \u0441\u043e\u0446\u0438\u0430\u043b\u044c\u043d\u044b\u0445 \u0441\u0435\u0442\u0435\u0439.","pluginReviewed":false,"postSettings":{"linkSuggestions":true,"useFocusKeyword":false},"frontEndScore":false,"postName":"%d1%81%d0%be%d1%81%d0%b5%d0%b4%d0%b8-%d0%ba%d0%be%d1%82%d0%be%d1%80%d1%8b%d0%b5-%d0%bd%d0%b0%d1%81-%d0%b4%d0%be%d0%bf%d0%be%d0%bb%d0%bd%d1%8f%d1%8e%d1%82","permalinkFormat":"https:\/\/www.blanescostabrava.cat\/ru\/%pagename%\/","showLockModifiedDate":true,"assessor":{"focusKeywordLink":"https:\/\/www.blanescostabrava.cat\/wp-admin\/edit.php?focus_keyword=%focus_keyword%&post_type=%post_type%","hasTOCPlugin":false,"primaryTaxonomy":false,"serpData":{"title":"","description":"","focusKeywords":"","pillarContent":false,"canonicalUrl":"","breadcrumbTitle":"","advancedRobots":[],"facebookTitle":"","facebookDescription":"","facebookImage":"","facebookImageID":"","facebookHasOverlay":false,"facebookImageOverlay":"","facebookAuthor":"","twitterCardType":"","twitterUseFacebook":true,"twitterTitle":"","twitterDescription":"","twitterImage":"","twitterImageID":"","twitterHasOverlay":false,"twitterImageOverlay":"","twitterPlayerUrl":"","twitterPlayerSize":"","twitterPlayerStream":"","twitterPlayerStreamCtype":"","twitterAppDescription":"","twitterAppIphoneName":"","twitterAppIphoneID":"","twitterAppIphoneUrl":"","twitterAppIpadName":"","twitterAppIpadID":"","twitterAppIpadUrl":"","twitterAppGoogleplayName":"","twitterAppGoogleplayID":"","twitterAppGoogleplayUrl":"","twitterAppCountry":"","robots":{"index":true},"twitterAuthor":"\u0438\u043c\u044f \u043f\u043e\u043b\u044c\u0437\u043e\u0432\u0430\u0442\u0435\u043b\u044f","primaryTerm":0,"authorName":"Blanes Costa Brava","titleTemplate":"%title% %sep% %sitename%","descriptionTemplate":"%excerpt%","showScoreFrontend":true,"lockModifiedDate":false},"powerWords":[],"diacritics":{"A":"[\\u0410\\u0430]","B":"[\\u0411\\u0431]","V":"[\\u0412\\u0432]","G":"[\\u0413\\u0433]","D":"[\\u0414\\u0434]","YE":"[\\u0415\\u0435]","YO":"[\\u0401\\u0451]","ZH":"[\\u0416\\u0436]","Z":"[\\u0417\\u0437]","EE":"[\\u0418\\u0438]","YI":"[\\u0419\\u0439]","K":"[\\u041A\\u043A]","L":"[\\u041B\\u043B]","M":"[\\u041C\\u043c]","P":"[\\u041F\\u043F]","T":"[\\u0422\\u0442]","U":"[\\u0423\\u0443]","F":"[\\u0424\\u0444]","H":"[\\u0425\\u0445]","TS":"[\\u0426\\u0446]","CH":"[\\u0427\\u0447]","SH":"[\\u0428\\u0448\\u0429\\u0449]","I":"[\\u042B\\u044B]","E":"[\\u042D\\u044D]","YU":"[\\u042E\\u044E]","YA":"[\\u042F\\u044F]","N":"[\\u041D\\u043D]"},"researchesTests":["contentHasTOC","contentHasShortParagraphs","contentHasAssets","keywordInTitle","keywordInMetaDescription","keywordInPermalink","keywordIn10Percent","keywordInContent","keywordInSubheadings","keywordInImageAlt","keywordDensity","keywordNotUsed","lengthContent","lengthPermalink","linksHasInternal","linksHasExternals","linksNotAllExternals","titleStartWithKeyword","titleSentiment","titleHasPowerWords","titleHasNumber","hasContentAI"],"hasRedirection":true,"hasBreadcrumb":false},"homeUrl":"https:\/\/www.blanescostabrava.cat\/ru\/","objectID":72853,"objectType":"post","locale":"ru","localeFull":"ru_RU","overlayImages":{"play":{"name":"Play \u0438\u043a\u043e\u043d\u043a\u0430","url":"https:\/\/www.blanescostabrava.cat\/wp-content\/plugins\/seo-by-rank-math\/assets\/admin\/img\/icon-play.png","path":"\/var\/www\/html\/wp-content\/plugins\/seo-by-rank-math\/assets\/admin\/img\/icon-play.png","position":"middle_center"},"gif":{"name":"GIF \u0438\u043a\u043e\u043d\u043a\u0430","url":"https:\/\/www.blanescostabrava.cat\/wp-content\/plugins\/seo-by-rank-math\/assets\/admin\/img\/icon-gif.png","path":"\/var\/www\/html\/wp-content\/plugins\/seo-by-rank-math\/assets\/admin\/img\/icon-gif.png","position":"middle_center"}},"defautOgImage":"https:\/\/www.blanescostabrava.cat\/wp-content\/plugins\/seo-by-rank-math\/assets\/admin\/img\/social-placeholder.jpg","customPermalinks":true,"isUserRegistered":false,"autoSuggestKeywords":false,"connectSiteUrl":"https:\/\/rankmath.com\/auth?site=https%3A%2F%2Fwww.blanescostabrava.cat%2Fru%2F&r=https%3A%2F%2Fwww.blanescostabrava.cat%2Fru%2Fwp-json%2Fwp%2Fv2%2Fpages%2F72853%3Fnonce%3Ddecbcd952c","maxTags":5,"trendsIcon":"<svg viewBox=\"0 0 610 610\"><path d=\"M18.85,446,174.32,290.48l58.08,58.08L76.93,504a14.54,14.54,0,0,1-20.55,0L18.83,466.48a14.54,14.54,0,0,1,0-20.55Z\" style=\"fill:#4285f4\"\/><path d=\"M242.65,242.66,377.59,377.6l-47.75,47.75a14.54,14.54,0,0,1-20.55,0L174.37,290.43l47.75-47.75A14.52,14.52,0,0,1,242.65,242.66Z\" style=\"fill:#ea4335\"\/><polygon points=\"319.53 319.53 479.26 159.8 537.34 217.88 377.61 377.62 319.53 319.53\" style=\"fill:#fabb05\"\/><path d=\"M594.26,262.73V118.61h0a16.94,16.94,0,0,0-16.94-16.94H433.2a16.94,16.94,0,0,0-12,28.92L565.34,274.71h0a16.94,16.94,0,0,0,28.92-12Z\" style=\"fill:#34a853\"\/><rect width=\"610\" height=\"610\" style=\"fill:none\"\/><\/svg>","showScore":true,"siteFavIcon":"https:\/\/www.blanescostabrava.cat\/wp-content\/uploads\/2018\/04\/favicon.png","canUser":{"general":false,"advanced":false,"snippet":false,"social":false,"analysis":false,"analytics":false,"content_ai":false},"isPro":false,"is_front_page":false,"trendsUpgradeLink":"https:\/\/rankmath.com\/pricing\/?utm_source=Plugin&utm_medium=CE%20General%20Tab%20Trends&utm_campaign=WP","trendsUpgradeLabel":"\u0410\u043f\u0433\u0440\u0435\u0439\u0434","trendsPreviewImage":"https:\/\/www.blanescostabrava.cat\/wp-content\/plugins\/seo-by-rank-math\/assets\/admin\/img\/trends-preview.jpg","currentEditor":false,"homepageData":{"assessor":{"powerWords":[],"diacritics":true,"researchesTests":["contentHasTOC","contentHasShortParagraphs","contentHasAssets","keywordInTitle","keywordInMetaDescription","keywordInPermalink","keywordIn10Percent","keywordInContent","keywordInSubheadings","keywordInImageAlt","keywordDensity","keywordNotUsed","lengthContent","lengthPermalink","linksHasInternal","linksHasExternals","linksNotAllExternals","titleStartWithKeyword","titleSentiment","titleHasPowerWords","titleHasNumber","hasContentAI"],"hasBreadcrumb":false,"serpData":{"title":"%sitename% %page% %sep% %sitedesc%","description":"","titleTemplate":"%sitename% %page% %sep% %sitedesc%","descriptionTemplate":"","focusKeywords":"","breadcrumbTitle":"Home","robots":{"index":true},"advancedRobots":[],"facebookTitle":"","facebookDescription":"","facebookImage":"","facebookImageID":""}}},"tocTitle":"Table of Contents","tocExcludeHeadings":[],"listStyle":"ul"},"_links":{"self":[{"href":"https:\/\/www.blanescostabrava.cat\/ru\/wp-json\/wp\/v2\/pages\/72853","targetHints":{"allow":["GET"]}}],"collection":[{"href":"https:\/\/www.blanescostabrava.cat\/ru\/wp-json\/wp\/v2\/pages"}],"about":[{"href":"https:\/\/www.blanescostabrava.cat\/ru\/wp-json\/wp\/v2\/types\/page"}],"author":[{"embeddable":true,"href":"https:\/\/www.blanescostabrava.cat\/ru\/wp-json\/wp\/v2\/users\/1"}],"replies":[{"embeddable":true,"href":"https:\/\/www.blanescostabrava.cat\/ru\/wp-json\/wp\/v2\/comments?post=72853"}],"version-history":[{"count":0,"href":"https:\/\/www.blanescostabrava.cat\/ru\/wp-json\/wp\/v2\/pages\/72853\/revisions"}],"wp:attachment":[{"href":"https:\/\/www.blanescostabrava.cat\/ru\/wp-json\/wp\/v2\/media?parent=72853"}],"curies":[{"name":"wp","href":"https:\/\/api.w.org\/{rel}","templated":true}]}}